{"id":6896,"date":"2024-11-06T13:30:58","date_gmt":"2024-11-06T12:30:58","guid":{"rendered":"https:\/\/www.fasty.se\/produkt\/lashing-straps-transport-25-mm\/"},"modified":"2025-05-20T11:57:41","modified_gmt":"2025-05-20T09:57:41","slug":"spanngurte-transport-25-mm","status":"publish","type":"product","link":"https:\/\/www.fasty.se\/de\/produkt\/spanngurte-transport-25-mm\/","title":{"rendered":"Spanngurte Transport 25 mm"},"content":{"rendered":"<p>Unsere Gurte vereinen nahtlos Benutzerfreundlichkeit und Langlebigkeit. Die gro\u00dfz\u00fcgige \u00d6ffnung in der Schnalle erleichtert das Einf\u00e4deln des Gurtes, selbst mit Handschuhen. Die Schnalle ist sowohl st\u00e4rker als auch leichter als viele Zinkdruckguss-Schnallen auf dem Markt. Der Gurt selbst ist UV-best\u00e4ndig, hoch abriebfest und farbecht. Dar\u00fcber hinaus erf\u00fcllt er wichtige Umwelt- und Gesundheitsstandards gem\u00e4\u00df REACH, RoHS und Oeko-Tex. Um zu einer nachhaltigeren Welt beizutragen, sind unsere Gurte zudem zu 100 % recycelbar.<\/p>\n","protected":false},"excerpt":{"rendered":"<p>Unsere Gurte vereinen nahtlos Benutzerfreundlichkeit und Langlebigkeit. Die gro\u00dfz\u00fcgige \u00d6ffnung in der Schnalle erleichtert das Einf\u00e4deln des Gurtes, selbst mit Handschuhen. Die Schnalle ist sowohl st\u00e4rker als auch leichter als viele Zinkdruckguss-Schnallen auf dem Markt. Der Gurt selbst ist UV-best\u00e4ndig, hoch abriebfest und farbecht. Dar\u00fcber hinaus erf\u00fcllt er wichtige Umwelt- und Gesundheitsstandards gem\u00e4\u00df REACH, RoHS [&hellip;]<\/p>\n","protected":false},"featured_media":2175,"comment_status":"open","ping_status":"closed","template":"","meta":{"_acf_changed":false},"product_brand":[],"product_cat":[135,140,139],"product_tag":[],"class_list":{"0":"post-6896","1":"product","2":"type-product","3":"status-publish","4":"has-post-thumbnail","6":"product_cat-industrie","7":"product_cat-profis","8":"product_cat-verbraucher","10":"first","11":"instock","12":"shipping-taxable","13":"product-type-simple"},"acf":[],"yoast_head":"<!-- This site is optimized with the Yoast SEO Premium plugin v27.4 (Yoast SEO v27.4) - https:\/\/yoast.com\/product\/yoast-seo-premium-wordpress\/ -->\n<title>Spanngurte Transport 25 mm - Fasty<\/title>\n<meta name=\"robots\" content=\"index, follow, max-snippet:-1, max-image-preview:large, max-video-preview:-1\" \/>\n<link rel=\"canonical\" href=\"https:\/\/www.fasty.se\/de\/produkt\/spanngurte-transport-25-mm\/\" \/>\n<meta property=\"og:locale\" content=\"de_DE\" \/>\n<meta property=\"og:type\" content=\"article\" \/>\n<meta property=\"og:title\" content=\"Spanngurte Transport 25 mm\" \/>\n<meta property=\"og:description\" content=\"Unsere Gurte vereinen nahtlos Benutzerfreundlichkeit und Langlebigkeit. Die gro\u00dfz\u00fcgige \u00d6ffnung in der Schnalle erleichtert das Einf\u00e4deln des Gurtes, selbst mit Handschuhen. Die Schnalle ist sowohl st\u00e4rker als auch leichter als viele Zinkdruckguss-Schnallen auf dem Markt. Der Gurt selbst ist UV-best\u00e4ndig, hoch abriebfest und farbecht. Dar\u00fcber hinaus erf\u00fcllt er wichtige Umwelt- und Gesundheitsstandards gem\u00e4\u00df REACH, RoHS [&hellip;]\" \/>\n<meta property=\"og:url\" content=\"https:\/\/www.fasty.se\/de\/produkt\/spanngurte-transport-25-mm\/\" \/>\n<meta property=\"og:site_name\" content=\"Fasty\" \/>\n<meta property=\"article:modified_time\" content=\"2025-05-20T09:57:41+00:00\" \/>\n<meta property=\"og:image\" content=\"https:\/\/www.fasty.se\/wp-content\/uploads\/2024\/08\/cat-test.jpg\" \/>\n\t<meta property=\"og:image:width\" content=\"2200\" \/>\n\t<meta property=\"og:image:height\" content=\"2179\" \/>\n\t<meta property=\"og:image:type\" content=\"image\/jpeg\" \/>\n<meta name=\"twitter:card\" content=\"summary_large_image\" \/>\n<meta name=\"twitter:label1\" content=\"Gesch\u00e4tzte Lesezeit\" \/>\n\t<meta name=\"twitter:data1\" content=\"1\u00a0Minute\" \/>\n<script type=\"application\/ld+json\" class=\"yoast-schema-graph\">{\"@context\":\"https:\\\/\\\/schema.org\",\"@graph\":[{\"@type\":\"WebPage\",\"@id\":\"https:\\\/\\\/www.fasty.se\\\/de\\\/produkt\\\/spanngurte-transport-25-mm\\\/\",\"url\":\"https:\\\/\\\/www.fasty.se\\\/de\\\/produkt\\\/spanngurte-transport-25-mm\\\/\",\"name\":\"Spanngurte Transport 25 mm - Fasty\",\"isPartOf\":{\"@id\":\"https:\\\/\\\/www.fasty.se\\\/de\\\/#website\"},\"primaryImageOfPage\":{\"@id\":\"https:\\\/\\\/www.fasty.se\\\/de\\\/produkt\\\/spanngurte-transport-25-mm\\\/#primaryimage\"},\"image\":{\"@id\":\"https:\\\/\\\/www.fasty.se\\\/de\\\/produkt\\\/spanngurte-transport-25-mm\\\/#primaryimage\"},\"thumbnailUrl\":\"https:\\\/\\\/www.fasty.se\\\/wp-content\\\/uploads\\\/2024\\\/08\\\/cat-test.jpg\",\"datePublished\":\"2024-11-06T12:30:58+00:00\",\"dateModified\":\"2025-05-20T09:57:41+00:00\",\"breadcrumb\":{\"@id\":\"https:\\\/\\\/www.fasty.se\\\/de\\\/produkt\\\/spanngurte-transport-25-mm\\\/#breadcrumb\"},\"inLanguage\":\"de\",\"potentialAction\":[{\"@type\":\"ReadAction\",\"target\":[\"https:\\\/\\\/www.fasty.se\\\/de\\\/produkt\\\/spanngurte-transport-25-mm\\\/\"]}]},{\"@type\":\"ImageObject\",\"inLanguage\":\"de\",\"@id\":\"https:\\\/\\\/www.fasty.se\\\/de\\\/produkt\\\/spanngurte-transport-25-mm\\\/#primaryimage\",\"url\":\"https:\\\/\\\/www.fasty.se\\\/wp-content\\\/uploads\\\/2024\\\/08\\\/cat-test.jpg\",\"contentUrl\":\"https:\\\/\\\/www.fasty.se\\\/wp-content\\\/uploads\\\/2024\\\/08\\\/cat-test.jpg\",\"width\":2200,\"height\":2179,\"caption\":\"Fasty sp\u00e4nnremmar\"},{\"@type\":\"BreadcrumbList\",\"@id\":\"https:\\\/\\\/www.fasty.se\\\/de\\\/produkt\\\/spanngurte-transport-25-mm\\\/#breadcrumb\",\"itemListElement\":[{\"@type\":\"ListItem\",\"position\":1,\"name\":\"Hem\",\"item\":\"https:\\\/\\\/www.fasty.se\\\/de\\\/\"},{\"@type\":\"ListItem\",\"position\":2,\"name\":\"Alle unsere Produkte\",\"item\":\"https:\\\/\\\/www.fasty.se\\\/de\\\/products\\\/\"},{\"@type\":\"ListItem\",\"position\":3,\"name\":\"Spanngurte Transport 25 mm\"}]},{\"@type\":\"WebSite\",\"@id\":\"https:\\\/\\\/www.fasty.se\\\/de\\\/#website\",\"url\":\"https:\\\/\\\/www.fasty.se\\\/de\\\/\",\"name\":\"Fasty\",\"description\":\"\",\"publisher\":{\"@id\":\"https:\\\/\\\/www.fasty.se\\\/de\\\/#organization\"},\"potentialAction\":[{\"@type\":\"SearchAction\",\"target\":{\"@type\":\"EntryPoint\",\"urlTemplate\":\"https:\\\/\\\/www.fasty.se\\\/de\\\/?s={search_term_string}\"},\"query-input\":{\"@type\":\"PropertyValueSpecification\",\"valueRequired\":true,\"valueName\":\"search_term_string\"}}],\"inLanguage\":\"de\"},{\"@type\":\"Organization\",\"@id\":\"https:\\\/\\\/www.fasty.se\\\/de\\\/#organization\",\"name\":\"Fasty\",\"url\":\"https:\\\/\\\/www.fasty.se\\\/de\\\/\",\"logo\":{\"@type\":\"ImageObject\",\"inLanguage\":\"de\",\"@id\":\"https:\\\/\\\/www.fasty.se\\\/de\\\/#\\\/schema\\\/logo\\\/image\\\/\",\"url\":\"https:\\\/\\\/www.fasty.se\\\/wp-content\\\/uploads\\\/2024\\\/07\\\/Fasty_logotyp.svg\",\"contentUrl\":\"https:\\\/\\\/www.fasty.se\\\/wp-content\\\/uploads\\\/2024\\\/07\\\/Fasty_logotyp.svg\",\"width\":132,\"height\":38,\"caption\":\"Fasty\"},\"image\":{\"@id\":\"https:\\\/\\\/www.fasty.se\\\/de\\\/#\\\/schema\\\/logo\\\/image\\\/\"}}]}<\/script>\n<!-- \/ Yoast SEO Premium plugin. -->","yoast_head_json":{"title":"Spanngurte Transport 25 mm - Fasty","robots":{"index":"index","follow":"follow","max-snippet":"max-snippet:-1","max-image-preview":"max-image-preview:large","max-video-preview":"max-video-preview:-1"},"canonical":"https:\/\/www.fasty.se\/de\/produkt\/spanngurte-transport-25-mm\/","og_locale":"de_DE","og_type":"article","og_title":"Spanngurte Transport 25 mm","og_description":"Unsere Gurte vereinen nahtlos Benutzerfreundlichkeit und Langlebigkeit. Die gro\u00dfz\u00fcgige \u00d6ffnung in der Schnalle erleichtert das Einf\u00e4deln des Gurtes, selbst mit Handschuhen. Die Schnalle ist sowohl st\u00e4rker als auch leichter als viele Zinkdruckguss-Schnallen auf dem Markt. Der Gurt selbst ist UV-best\u00e4ndig, hoch abriebfest und farbecht. Dar\u00fcber hinaus erf\u00fcllt er wichtige Umwelt- und Gesundheitsstandards gem\u00e4\u00df REACH, RoHS [&hellip;]","og_url":"https:\/\/www.fasty.se\/de\/produkt\/spanngurte-transport-25-mm\/","og_site_name":"Fasty","article_modified_time":"2025-05-20T09:57:41+00:00","og_image":[{"width":2200,"height":2179,"url":"https:\/\/www.fasty.se\/wp-content\/uploads\/2024\/08\/cat-test.jpg","type":"image\/jpeg"}],"twitter_card":"summary_large_image","twitter_misc":{"Gesch\u00e4tzte Lesezeit":"1\u00a0Minute"},"schema":{"@context":"https:\/\/schema.org","@graph":[{"@type":"WebPage","@id":"https:\/\/www.fasty.se\/de\/produkt\/spanngurte-transport-25-mm\/","url":"https:\/\/www.fasty.se\/de\/produkt\/spanngurte-transport-25-mm\/","name":"Spanngurte Transport 25 mm - Fasty","isPartOf":{"@id":"https:\/\/www.fasty.se\/de\/#website"},"primaryImageOfPage":{"@id":"https:\/\/www.fasty.se\/de\/produkt\/spanngurte-transport-25-mm\/#primaryimage"},"image":{"@id":"https:\/\/www.fasty.se\/de\/produkt\/spanngurte-transport-25-mm\/#primaryimage"},"thumbnailUrl":"https:\/\/www.fasty.se\/wp-content\/uploads\/2024\/08\/cat-test.jpg","datePublished":"2024-11-06T12:30:58+00:00","dateModified":"2025-05-20T09:57:41+00:00","breadcrumb":{"@id":"https:\/\/www.fasty.se\/de\/produkt\/spanngurte-transport-25-mm\/#breadcrumb"},"inLanguage":"de","potentialAction":[{"@type":"ReadAction","target":["https:\/\/www.fasty.se\/de\/produkt\/spanngurte-transport-25-mm\/"]}]},{"@type":"ImageObject","inLanguage":"de","@id":"https:\/\/www.fasty.se\/de\/produkt\/spanngurte-transport-25-mm\/#primaryimage","url":"https:\/\/www.fasty.se\/wp-content\/uploads\/2024\/08\/cat-test.jpg","contentUrl":"https:\/\/www.fasty.se\/wp-content\/uploads\/2024\/08\/cat-test.jpg","width":2200,"height":2179,"caption":"Fasty sp\u00e4nnremmar"},{"@type":"BreadcrumbList","@id":"https:\/\/www.fasty.se\/de\/produkt\/spanngurte-transport-25-mm\/#breadcrumb","itemListElement":[{"@type":"ListItem","position":1,"name":"Hem","item":"https:\/\/www.fasty.se\/de\/"},{"@type":"ListItem","position":2,"name":"Alle unsere Produkte","item":"https:\/\/www.fasty.se\/de\/products\/"},{"@type":"ListItem","position":3,"name":"Spanngurte Transport 25 mm"}]},{"@type":"WebSite","@id":"https:\/\/www.fasty.se\/de\/#website","url":"https:\/\/www.fasty.se\/de\/","name":"Fasty","description":"","publisher":{"@id":"https:\/\/www.fasty.se\/de\/#organization"},"potentialAction":[{"@type":"SearchAction","target":{"@type":"EntryPoint","urlTemplate":"https:\/\/www.fasty.se\/de\/?s={search_term_string}"},"query-input":{"@type":"PropertyValueSpecification","valueRequired":true,"valueName":"search_term_string"}}],"inLanguage":"de"},{"@type":"Organization","@id":"https:\/\/www.fasty.se\/de\/#organization","name":"Fasty","url":"https:\/\/www.fasty.se\/de\/","logo":{"@type":"ImageObject","inLanguage":"de","@id":"https:\/\/www.fasty.se\/de\/#\/schema\/logo\/image\/","url":"https:\/\/www.fasty.se\/wp-content\/uploads\/2024\/07\/Fasty_logotyp.svg","contentUrl":"https:\/\/www.fasty.se\/wp-content\/uploads\/2024\/07\/Fasty_logotyp.svg","width":132,"height":38,"caption":"Fasty"},"image":{"@id":"https:\/\/www.fasty.se\/de\/#\/schema\/logo\/image\/"}}]}},"_links":{"self":[{"href":"https:\/\/www.fasty.se\/de\/wp-json\/wp\/v2\/product\/6896","targetHints":{"allow":["GET"]}}],"collection":[{"href":"https:\/\/www.fasty.se\/de\/wp-json\/wp\/v2\/product"}],"about":[{"href":"https:\/\/www.fasty.se\/de\/wp-json\/wp\/v2\/types\/product"}],"replies":[{"embeddable":true,"href":"https:\/\/www.fasty.se\/de\/wp-json\/wp\/v2\/comments?post=6896"}],"wp:featuredmedia":[{"embeddable":true,"href":"https:\/\/www.fasty.se\/de\/wp-json\/wp\/v2\/media\/2175"}],"wp:attachment":[{"href":"https:\/\/www.fasty.se\/de\/wp-json\/wp\/v2\/media?parent=6896"}],"wp:term":[{"taxonomy":"product_brand","embeddable":true,"href":"https:\/\/www.fasty.se\/de\/wp-json\/wp\/v2\/product_brand?post=6896"},{"taxonomy":"product_cat","embeddable":true,"href":"https:\/\/www.fasty.se\/de\/wp-json\/wp\/v2\/product_cat?post=6896"},{"taxonomy":"product_tag","embeddable":true,"href":"https:\/\/www.fasty.se\/de\/wp-json\/wp\/v2\/product_tag?post=6896"}],"curies":[{"name":"wp","href":"https:\/\/api.w.org\/{rel}","templated":true}]}}