{"id":6910,"date":"2024-08-19T14:55:10","date_gmt":"2024-08-19T12:55:10","guid":{"rendered":"https:\/\/www.fasty.se\/produkt\/storm-straps\/"},"modified":"2025-05-20T11:54:04","modified_gmt":"2025-05-20T09:54:04","slug":"sturmgurte","status":"publish","type":"product","link":"https:\/\/www.fasty.se\/de\/produkt\/sturmgurte\/","title":{"rendered":"Sturmgurte"},"content":{"rendered":"<p>Unsere Sturmgurte sind die perfekte L\u00f6sung, um Ihr Zelt oder Ihre Markise bei jedem Wetter zu sichern. Diese Gurte wurden mit Fokus auf Langlebigkeit und h\u00f6chste Qualit\u00e4t entwickelt und bestehen aus robusten Materialien, die starkem Wind und extremen Bedingungen standhalten. Mit einer einfachen Installation und einem verstellbaren Gurt sorgen unsere Sturmgurte daf\u00fcr, dass Ihre Ausr\u00fcstung auch bei sehr starkem Wind stabil und gesch\u00fctzt bleibt.<\/p>\n","protected":false},"excerpt":{"rendered":"<p>Our storm straps are the perfect solution to secure your tent or awning in all weather conditions.<\/p>\n","protected":false},"featured_media":4213,"comment_status":"open","ping_status":"closed","template":"","meta":{"_acf_changed":false},"product_brand":[],"product_cat":[139],"product_tag":[],"class_list":{"0":"post-6910","1":"product","2":"type-product","3":"status-publish","4":"has-post-thumbnail","6":"product_cat-verbraucher","8":"first","9":"instock","10":"shipping-taxable","11":"product-type-simple"},"acf":[],"yoast_head":"<!-- This site is optimized with the Yoast SEO Premium plugin v27.4 (Yoast SEO v27.4) - https:\/\/yoast.com\/product\/yoast-seo-premium-wordpress\/ -->\n<title>Sturmgurte - Fasty<\/title>\n<meta name=\"robots\" content=\"index, follow, max-snippet:-1, max-image-preview:large, max-video-preview:-1\" \/>\n<link rel=\"canonical\" href=\"https:\/\/www.fasty.se\/de\/produkt\/sturmgurte\/\" \/>\n<meta property=\"og:locale\" content=\"de_DE\" \/>\n<meta property=\"og:type\" content=\"article\" \/>\n<meta property=\"og:title\" content=\"Sturmgurte\" \/>\n<meta property=\"og:description\" content=\"Our storm straps are the perfect solution to secure your tent or awning in all weather conditions.\" \/>\n<meta property=\"og:url\" content=\"https:\/\/www.fasty.se\/de\/produkt\/sturmgurte\/\" \/>\n<meta property=\"og:site_name\" content=\"Fasty\" \/>\n<meta property=\"article:modified_time\" content=\"2025-05-20T09:54:04+00:00\" \/>\n<meta property=\"og:image\" content=\"https:\/\/www.fasty.se\/wp-content\/uploads\/2024\/08\/talt.jpg\" \/>\n\t<meta property=\"og:image:width\" content=\"1024\" \/>\n\t<meta property=\"og:image:height\" content=\"612\" \/>\n\t<meta property=\"og:image:type\" content=\"image\/jpeg\" \/>\n<meta name=\"twitter:card\" content=\"summary_large_image\" \/>\n<meta name=\"twitter:label1\" content=\"Gesch\u00e4tzte Lesezeit\" \/>\n\t<meta name=\"twitter:data1\" content=\"1\u00a0Minute\" \/>\n<script type=\"application\/ld+json\" class=\"yoast-schema-graph\">{\"@context\":\"https:\\\/\\\/schema.org\",\"@graph\":[{\"@type\":\"WebPage\",\"@id\":\"https:\\\/\\\/www.fasty.se\\\/de\\\/produkt\\\/sturmgurte\\\/\",\"url\":\"https:\\\/\\\/www.fasty.se\\\/de\\\/produkt\\\/sturmgurte\\\/\",\"name\":\"Sturmgurte - Fasty\",\"isPartOf\":{\"@id\":\"https:\\\/\\\/www.fasty.se\\\/de\\\/#website\"},\"primaryImageOfPage\":{\"@id\":\"https:\\\/\\\/www.fasty.se\\\/de\\\/produkt\\\/sturmgurte\\\/#primaryimage\"},\"image\":{\"@id\":\"https:\\\/\\\/www.fasty.se\\\/de\\\/produkt\\\/sturmgurte\\\/#primaryimage\"},\"thumbnailUrl\":\"https:\\\/\\\/www.fasty.se\\\/wp-content\\\/uploads\\\/2024\\\/08\\\/talt.jpg\",\"datePublished\":\"2024-08-19T12:55:10+00:00\",\"dateModified\":\"2025-05-20T09:54:04+00:00\",\"breadcrumb\":{\"@id\":\"https:\\\/\\\/www.fasty.se\\\/de\\\/produkt\\\/sturmgurte\\\/#breadcrumb\"},\"inLanguage\":\"de\",\"potentialAction\":[{\"@type\":\"ReadAction\",\"target\":[\"https:\\\/\\\/www.fasty.se\\\/de\\\/produkt\\\/sturmgurte\\\/\"]}]},{\"@type\":\"ImageObject\",\"inLanguage\":\"de\",\"@id\":\"https:\\\/\\\/www.fasty.se\\\/de\\\/produkt\\\/sturmgurte\\\/#primaryimage\",\"url\":\"https:\\\/\\\/www.fasty.se\\\/wp-content\\\/uploads\\\/2024\\\/08\\\/talt.jpg\",\"contentUrl\":\"https:\\\/\\\/www.fasty.se\\\/wp-content\\\/uploads\\\/2024\\\/08\\\/talt.jpg\",\"width\":1024,\"height\":612},{\"@type\":\"BreadcrumbList\",\"@id\":\"https:\\\/\\\/www.fasty.se\\\/de\\\/produkt\\\/sturmgurte\\\/#breadcrumb\",\"itemListElement\":[{\"@type\":\"ListItem\",\"position\":1,\"name\":\"Hem\",\"item\":\"https:\\\/\\\/www.fasty.se\\\/de\\\/\"},{\"@type\":\"ListItem\",\"position\":2,\"name\":\"Alle unsere Produkte\",\"item\":\"https:\\\/\\\/www.fasty.se\\\/de\\\/products\\\/\"},{\"@type\":\"ListItem\",\"position\":3,\"name\":\"Sturmgurte\"}]},{\"@type\":\"WebSite\",\"@id\":\"https:\\\/\\\/www.fasty.se\\\/de\\\/#website\",\"url\":\"https:\\\/\\\/www.fasty.se\\\/de\\\/\",\"name\":\"Fasty\",\"description\":\"\",\"publisher\":{\"@id\":\"https:\\\/\\\/www.fasty.se\\\/de\\\/#organization\"},\"potentialAction\":[{\"@type\":\"SearchAction\",\"target\":{\"@type\":\"EntryPoint\",\"urlTemplate\":\"https:\\\/\\\/www.fasty.se\\\/de\\\/?s={search_term_string}\"},\"query-input\":{\"@type\":\"PropertyValueSpecification\",\"valueRequired\":true,\"valueName\":\"search_term_string\"}}],\"inLanguage\":\"de\"},{\"@type\":\"Organization\",\"@id\":\"https:\\\/\\\/www.fasty.se\\\/de\\\/#organization\",\"name\":\"Fasty\",\"url\":\"https:\\\/\\\/www.fasty.se\\\/de\\\/\",\"logo\":{\"@type\":\"ImageObject\",\"inLanguage\":\"de\",\"@id\":\"https:\\\/\\\/www.fasty.se\\\/de\\\/#\\\/schema\\\/logo\\\/image\\\/\",\"url\":\"https:\\\/\\\/www.fasty.se\\\/wp-content\\\/uploads\\\/2024\\\/07\\\/Fasty_logotyp.svg\",\"contentUrl\":\"https:\\\/\\\/www.fasty.se\\\/wp-content\\\/uploads\\\/2024\\\/07\\\/Fasty_logotyp.svg\",\"width\":132,\"height\":38,\"caption\":\"Fasty\"},\"image\":{\"@id\":\"https:\\\/\\\/www.fasty.se\\\/de\\\/#\\\/schema\\\/logo\\\/image\\\/\"}}]}<\/script>\n<!-- \/ Yoast SEO Premium plugin. -->","yoast_head_json":{"title":"Sturmgurte - Fasty","robots":{"index":"index","follow":"follow","max-snippet":"max-snippet:-1","max-image-preview":"max-image-preview:large","max-video-preview":"max-video-preview:-1"},"canonical":"https:\/\/www.fasty.se\/de\/produkt\/sturmgurte\/","og_locale":"de_DE","og_type":"article","og_title":"Sturmgurte","og_description":"Our storm straps are the perfect solution to secure your tent or awning in all weather conditions.","og_url":"https:\/\/www.fasty.se\/de\/produkt\/sturmgurte\/","og_site_name":"Fasty","article_modified_time":"2025-05-20T09:54:04+00:00","og_image":[{"width":1024,"height":612,"url":"https:\/\/www.fasty.se\/wp-content\/uploads\/2024\/08\/talt.jpg","type":"image\/jpeg"}],"twitter_card":"summary_large_image","twitter_misc":{"Gesch\u00e4tzte Lesezeit":"1\u00a0Minute"},"schema":{"@context":"https:\/\/schema.org","@graph":[{"@type":"WebPage","@id":"https:\/\/www.fasty.se\/de\/produkt\/sturmgurte\/","url":"https:\/\/www.fasty.se\/de\/produkt\/sturmgurte\/","name":"Sturmgurte - Fasty","isPartOf":{"@id":"https:\/\/www.fasty.se\/de\/#website"},"primaryImageOfPage":{"@id":"https:\/\/www.fasty.se\/de\/produkt\/sturmgurte\/#primaryimage"},"image":{"@id":"https:\/\/www.fasty.se\/de\/produkt\/sturmgurte\/#primaryimage"},"thumbnailUrl":"https:\/\/www.fasty.se\/wp-content\/uploads\/2024\/08\/talt.jpg","datePublished":"2024-08-19T12:55:10+00:00","dateModified":"2025-05-20T09:54:04+00:00","breadcrumb":{"@id":"https:\/\/www.fasty.se\/de\/produkt\/sturmgurte\/#breadcrumb"},"inLanguage":"de","potentialAction":[{"@type":"ReadAction","target":["https:\/\/www.fasty.se\/de\/produkt\/sturmgurte\/"]}]},{"@type":"ImageObject","inLanguage":"de","@id":"https:\/\/www.fasty.se\/de\/produkt\/sturmgurte\/#primaryimage","url":"https:\/\/www.fasty.se\/wp-content\/uploads\/2024\/08\/talt.jpg","contentUrl":"https:\/\/www.fasty.se\/wp-content\/uploads\/2024\/08\/talt.jpg","width":1024,"height":612},{"@type":"BreadcrumbList","@id":"https:\/\/www.fasty.se\/de\/produkt\/sturmgurte\/#breadcrumb","itemListElement":[{"@type":"ListItem","position":1,"name":"Hem","item":"https:\/\/www.fasty.se\/de\/"},{"@type":"ListItem","position":2,"name":"Alle unsere Produkte","item":"https:\/\/www.fasty.se\/de\/products\/"},{"@type":"ListItem","position":3,"name":"Sturmgurte"}]},{"@type":"WebSite","@id":"https:\/\/www.fasty.se\/de\/#website","url":"https:\/\/www.fasty.se\/de\/","name":"Fasty","description":"","publisher":{"@id":"https:\/\/www.fasty.se\/de\/#organization"},"potentialAction":[{"@type":"SearchAction","target":{"@type":"EntryPoint","urlTemplate":"https:\/\/www.fasty.se\/de\/?s={search_term_string}"},"query-input":{"@type":"PropertyValueSpecification","valueRequired":true,"valueName":"search_term_string"}}],"inLanguage":"de"},{"@type":"Organization","@id":"https:\/\/www.fasty.se\/de\/#organization","name":"Fasty","url":"https:\/\/www.fasty.se\/de\/","logo":{"@type":"ImageObject","inLanguage":"de","@id":"https:\/\/www.fasty.se\/de\/#\/schema\/logo\/image\/","url":"https:\/\/www.fasty.se\/wp-content\/uploads\/2024\/07\/Fasty_logotyp.svg","contentUrl":"https:\/\/www.fasty.se\/wp-content\/uploads\/2024\/07\/Fasty_logotyp.svg","width":132,"height":38,"caption":"Fasty"},"image":{"@id":"https:\/\/www.fasty.se\/de\/#\/schema\/logo\/image\/"}}]}},"_links":{"self":[{"href":"https:\/\/www.fasty.se\/de\/wp-json\/wp\/v2\/product\/6910","targetHints":{"allow":["GET"]}}],"collection":[{"href":"https:\/\/www.fasty.se\/de\/wp-json\/wp\/v2\/product"}],"about":[{"href":"https:\/\/www.fasty.se\/de\/wp-json\/wp\/v2\/types\/product"}],"replies":[{"embeddable":true,"href":"https:\/\/www.fasty.se\/de\/wp-json\/wp\/v2\/comments?post=6910"}],"wp:featuredmedia":[{"embeddable":true,"href":"https:\/\/www.fasty.se\/de\/wp-json\/wp\/v2\/media\/4213"}],"wp:attachment":[{"href":"https:\/\/www.fasty.se\/de\/wp-json\/wp\/v2\/media?parent=6910"}],"wp:term":[{"taxonomy":"product_brand","embeddable":true,"href":"https:\/\/www.fasty.se\/de\/wp-json\/wp\/v2\/product_brand?post=6910"},{"taxonomy":"product_cat","embeddable":true,"href":"https:\/\/www.fasty.se\/de\/wp-json\/wp\/v2\/product_cat?post=6910"},{"taxonomy":"product_tag","embeddable":true,"href":"https:\/\/www.fasty.se\/de\/wp-json\/wp\/v2\/product_tag?post=6910"}],"curies":[{"name":"wp","href":"https:\/\/api.w.org\/{rel}","templated":true}]}}