{"id":5615,"date":"2024-08-19T14:54:55","date_gmt":"2024-08-19T12:54:55","guid":{"rendered":"https:\/\/www.fasty.se\/produkt\/spannrem-som-kabelband\/"},"modified":"2025-02-25T16:38:26","modified_gmt":"2025-02-25T15:38:26","slug":"cable-straps","status":"publish","type":"product","link":"https:\/\/www.fasty.se\/en\/product\/cable-straps\/","title":{"rendered":"Cable straps"},"content":{"rendered":"<p>Our cable straps are specifically designed to always be there when you need them. Permanently mounted on the cable, they are always in place, saving time and simplifying use. In addition to the standard design, we also offer cable straps as text straps, which can be woven or printed with custom text to clearly indicate ownership of the cable. This not only improves organization but also enhances safety and order in the workplace.<\/p>\n<p>We manufacture our cable straps in two widths: 20 mm and 25 mm. Additionally, you can choose cable straps with a convenient handle, making it easier to carry and hang them up. Our cable straps are versatile and can also be used to organize items beyond cables, such as garden hoses.<\/p>\n<p>With our cable straps, you get a product that combines functionality and flexibility, whether it\u2019s for cables, hoses, or anything else that needs to be secured.<\/p>\n","protected":false},"excerpt":{"rendered":"<p>V\u00e5ra sp\u00e4nnremmar \u00e4r mycket anv\u00e4ndarv\u00e4nliga och h\u00e5llbara.<\/p>\n","protected":false},"featured_media":4295,"comment_status":"open","ping_status":"closed","template":"","meta":{"_acf_changed":false},"product_brand":[],"product_cat":[120,116,121],"product_tag":[],"class_list":{"0":"post-5615","1":"product","2":"type-product","3":"status-publish","4":"has-post-thumbnail","6":"product_cat-consumer","7":"product_cat-industry","8":"product_cat-professionals","10":"first","11":"instock","12":"shipping-taxable","13":"product-type-simple"},"acf":[],"yoast_head":"<!-- This site is optimized with the Yoast SEO Premium plugin v27.4 (Yoast SEO v27.4) - https:\/\/yoast.com\/product\/yoast-seo-premium-wordpress\/ -->\n<title>Cable straps - Fasty<\/title>\n<meta name=\"description\" content=\"Solves your problem with messy cables. Our cable straps are specifically designed to always be there when you need them. Contact us on Fasty\" \/>\n<meta name=\"robots\" content=\"index, follow, max-snippet:-1, max-image-preview:large, max-video-preview:-1\" \/>\n<link rel=\"canonical\" href=\"https:\/\/www.fasty.se\/en\/product\/cable-straps\/\" \/>\n<meta property=\"og:locale\" content=\"en_US\" \/>\n<meta property=\"og:type\" content=\"article\" \/>\n<meta property=\"og:title\" content=\"Cable straps\" \/>\n<meta property=\"og:description\" content=\"Solves your problem with messy cables. Our cable straps are specifically designed to always be there when you need them. Contact us on Fasty\" \/>\n<meta property=\"og:url\" content=\"https:\/\/www.fasty.se\/en\/product\/cable-straps\/\" \/>\n<meta property=\"og:site_name\" content=\"Fasty\" \/>\n<meta property=\"article:modified_time\" content=\"2025-02-25T15:38:26+00:00\" \/>\n<meta property=\"og:image\" content=\"https:\/\/www.fasty.se\/wp-content\/uploads\/2024\/08\/21-Art-166-1.jpg\" \/>\n\t<meta property=\"og:image:width\" content=\"2362\" \/>\n\t<meta property=\"og:image:height\" content=\"1650\" \/>\n\t<meta property=\"og:image:type\" content=\"image\/jpeg\" \/>\n<meta name=\"twitter:card\" content=\"summary_large_image\" \/>\n<meta name=\"twitter:label1\" content=\"Est. reading time\" \/>\n\t<meta name=\"twitter:data1\" content=\"1 minute\" \/>\n<script type=\"application\/ld+json\" class=\"yoast-schema-graph\">{\"@context\":\"https:\\\/\\\/schema.org\",\"@graph\":[{\"@type\":\"WebPage\",\"@id\":\"https:\\\/\\\/www.fasty.se\\\/en\\\/product\\\/cable-straps\\\/\",\"url\":\"https:\\\/\\\/www.fasty.se\\\/en\\\/product\\\/cable-straps\\\/\",\"name\":\"Cable straps - Fasty\",\"isPartOf\":{\"@id\":\"https:\\\/\\\/www.fasty.se\\\/en\\\/#website\"},\"primaryImageOfPage\":{\"@id\":\"https:\\\/\\\/www.fasty.se\\\/en\\\/product\\\/cable-straps\\\/#primaryimage\"},\"image\":{\"@id\":\"https:\\\/\\\/www.fasty.se\\\/en\\\/product\\\/cable-straps\\\/#primaryimage\"},\"thumbnailUrl\":\"https:\\\/\\\/www.fasty.se\\\/wp-content\\\/uploads\\\/2024\\\/08\\\/21-Art-166-1.jpg\",\"datePublished\":\"2024-08-19T12:54:55+00:00\",\"dateModified\":\"2025-02-25T15:38:26+00:00\",\"description\":\"Solves your problem with messy cables. Our cable straps are specifically designed to always be there when you need them. Contact us on Fasty\",\"breadcrumb\":{\"@id\":\"https:\\\/\\\/www.fasty.se\\\/en\\\/product\\\/cable-straps\\\/#breadcrumb\"},\"inLanguage\":\"en-US\",\"potentialAction\":[{\"@type\":\"ReadAction\",\"target\":[\"https:\\\/\\\/www.fasty.se\\\/en\\\/product\\\/cable-straps\\\/\"]}]},{\"@type\":\"ImageObject\",\"inLanguage\":\"en-US\",\"@id\":\"https:\\\/\\\/www.fasty.se\\\/en\\\/product\\\/cable-straps\\\/#primaryimage\",\"url\":\"https:\\\/\\\/www.fasty.se\\\/wp-content\\\/uploads\\\/2024\\\/08\\\/21-Art-166-1.jpg\",\"contentUrl\":\"https:\\\/\\\/www.fasty.se\\\/wp-content\\\/uploads\\\/2024\\\/08\\\/21-Art-166-1.jpg\",\"width\":2362,\"height\":1650},{\"@type\":\"BreadcrumbList\",\"@id\":\"https:\\\/\\\/www.fasty.se\\\/en\\\/product\\\/cable-straps\\\/#breadcrumb\",\"itemListElement\":[{\"@type\":\"ListItem\",\"position\":1,\"name\":\"Hem\",\"item\":\"https:\\\/\\\/www.fasty.se\\\/en\\\/\"},{\"@type\":\"ListItem\",\"position\":2,\"name\":\"All our products\",\"item\":\"https:\\\/\\\/www.fasty.se\\\/en\\\/products\\\/\"},{\"@type\":\"ListItem\",\"position\":3,\"name\":\"Cable straps\"}]},{\"@type\":\"WebSite\",\"@id\":\"https:\\\/\\\/www.fasty.se\\\/en\\\/#website\",\"url\":\"https:\\\/\\\/www.fasty.se\\\/en\\\/\",\"name\":\"Fasty\",\"description\":\"\",\"publisher\":{\"@id\":\"https:\\\/\\\/www.fasty.se\\\/en\\\/#organization\"},\"potentialAction\":[{\"@type\":\"SearchAction\",\"target\":{\"@type\":\"EntryPoint\",\"urlTemplate\":\"https:\\\/\\\/www.fasty.se\\\/en\\\/?s={search_term_string}\"},\"query-input\":{\"@type\":\"PropertyValueSpecification\",\"valueRequired\":true,\"valueName\":\"search_term_string\"}}],\"inLanguage\":\"en-US\"},{\"@type\":\"Organization\",\"@id\":\"https:\\\/\\\/www.fasty.se\\\/en\\\/#organization\",\"name\":\"Fasty\",\"url\":\"https:\\\/\\\/www.fasty.se\\\/en\\\/\",\"logo\":{\"@type\":\"ImageObject\",\"inLanguage\":\"en-US\",\"@id\":\"https:\\\/\\\/www.fasty.se\\\/en\\\/#\\\/schema\\\/logo\\\/image\\\/\",\"url\":\"https:\\\/\\\/www.fasty.se\\\/wp-content\\\/uploads\\\/2024\\\/07\\\/Fasty_logotyp.svg\",\"contentUrl\":\"https:\\\/\\\/www.fasty.se\\\/wp-content\\\/uploads\\\/2024\\\/07\\\/Fasty_logotyp.svg\",\"width\":132,\"height\":38,\"caption\":\"Fasty\"},\"image\":{\"@id\":\"https:\\\/\\\/www.fasty.se\\\/en\\\/#\\\/schema\\\/logo\\\/image\\\/\"}}]}<\/script>\n<!-- \/ Yoast SEO Premium plugin. -->","yoast_head_json":{"title":"Cable straps - Fasty","description":"Solves your problem with messy cables. Our cable straps are specifically designed to always be there when you need them. Contact us on Fasty","robots":{"index":"index","follow":"follow","max-snippet":"max-snippet:-1","max-image-preview":"max-image-preview:large","max-video-preview":"max-video-preview:-1"},"canonical":"https:\/\/www.fasty.se\/en\/product\/cable-straps\/","og_locale":"en_US","og_type":"article","og_title":"Cable straps","og_description":"Solves your problem with messy cables. Our cable straps are specifically designed to always be there when you need them. Contact us on Fasty","og_url":"https:\/\/www.fasty.se\/en\/product\/cable-straps\/","og_site_name":"Fasty","article_modified_time":"2025-02-25T15:38:26+00:00","og_image":[{"width":2362,"height":1650,"url":"https:\/\/www.fasty.se\/wp-content\/uploads\/2024\/08\/21-Art-166-1.jpg","type":"image\/jpeg"}],"twitter_card":"summary_large_image","twitter_misc":{"Est. reading time":"1 minute"},"schema":{"@context":"https:\/\/schema.org","@graph":[{"@type":"WebPage","@id":"https:\/\/www.fasty.se\/en\/product\/cable-straps\/","url":"https:\/\/www.fasty.se\/en\/product\/cable-straps\/","name":"Cable straps - Fasty","isPartOf":{"@id":"https:\/\/www.fasty.se\/en\/#website"},"primaryImageOfPage":{"@id":"https:\/\/www.fasty.se\/en\/product\/cable-straps\/#primaryimage"},"image":{"@id":"https:\/\/www.fasty.se\/en\/product\/cable-straps\/#primaryimage"},"thumbnailUrl":"https:\/\/www.fasty.se\/wp-content\/uploads\/2024\/08\/21-Art-166-1.jpg","datePublished":"2024-08-19T12:54:55+00:00","dateModified":"2025-02-25T15:38:26+00:00","description":"Solves your problem with messy cables. Our cable straps are specifically designed to always be there when you need them. Contact us on Fasty","breadcrumb":{"@id":"https:\/\/www.fasty.se\/en\/product\/cable-straps\/#breadcrumb"},"inLanguage":"en-US","potentialAction":[{"@type":"ReadAction","target":["https:\/\/www.fasty.se\/en\/product\/cable-straps\/"]}]},{"@type":"ImageObject","inLanguage":"en-US","@id":"https:\/\/www.fasty.se\/en\/product\/cable-straps\/#primaryimage","url":"https:\/\/www.fasty.se\/wp-content\/uploads\/2024\/08\/21-Art-166-1.jpg","contentUrl":"https:\/\/www.fasty.se\/wp-content\/uploads\/2024\/08\/21-Art-166-1.jpg","width":2362,"height":1650},{"@type":"BreadcrumbList","@id":"https:\/\/www.fasty.se\/en\/product\/cable-straps\/#breadcrumb","itemListElement":[{"@type":"ListItem","position":1,"name":"Hem","item":"https:\/\/www.fasty.se\/en\/"},{"@type":"ListItem","position":2,"name":"All our products","item":"https:\/\/www.fasty.se\/en\/products\/"},{"@type":"ListItem","position":3,"name":"Cable straps"}]},{"@type":"WebSite","@id":"https:\/\/www.fasty.se\/en\/#website","url":"https:\/\/www.fasty.se\/en\/","name":"Fasty","description":"","publisher":{"@id":"https:\/\/www.fasty.se\/en\/#organization"},"potentialAction":[{"@type":"SearchAction","target":{"@type":"EntryPoint","urlTemplate":"https:\/\/www.fasty.se\/en\/?s={search_term_string}"},"query-input":{"@type":"PropertyValueSpecification","valueRequired":true,"valueName":"search_term_string"}}],"inLanguage":"en-US"},{"@type":"Organization","@id":"https:\/\/www.fasty.se\/en\/#organization","name":"Fasty","url":"https:\/\/www.fasty.se\/en\/","logo":{"@type":"ImageObject","inLanguage":"en-US","@id":"https:\/\/www.fasty.se\/en\/#\/schema\/logo\/image\/","url":"https:\/\/www.fasty.se\/wp-content\/uploads\/2024\/07\/Fasty_logotyp.svg","contentUrl":"https:\/\/www.fasty.se\/wp-content\/uploads\/2024\/07\/Fasty_logotyp.svg","width":132,"height":38,"caption":"Fasty"},"image":{"@id":"https:\/\/www.fasty.se\/en\/#\/schema\/logo\/image\/"}}]}},"_links":{"self":[{"href":"https:\/\/www.fasty.se\/en\/wp-json\/wp\/v2\/product\/5615","targetHints":{"allow":["GET"]}}],"collection":[{"href":"https:\/\/www.fasty.se\/en\/wp-json\/wp\/v2\/product"}],"about":[{"href":"https:\/\/www.fasty.se\/en\/wp-json\/wp\/v2\/types\/product"}],"replies":[{"embeddable":true,"href":"https:\/\/www.fasty.se\/en\/wp-json\/wp\/v2\/comments?post=5615"}],"wp:featuredmedia":[{"embeddable":true,"href":"https:\/\/www.fasty.se\/en\/wp-json\/wp\/v2\/media\/4295"}],"wp:attachment":[{"href":"https:\/\/www.fasty.se\/en\/wp-json\/wp\/v2\/media?parent=5615"}],"wp:term":[{"taxonomy":"product_brand","embeddable":true,"href":"https:\/\/www.fasty.se\/en\/wp-json\/wp\/v2\/product_brand?post=5615"},{"taxonomy":"product_cat","embeddable":true,"href":"https:\/\/www.fasty.se\/en\/wp-json\/wp\/v2\/product_cat?post=5615"},{"taxonomy":"product_tag","embeddable":true,"href":"https:\/\/www.fasty.se\/en\/wp-json\/wp\/v2\/product_tag?post=5615"}],"curies":[{"name":"wp","href":"https:\/\/api.w.org\/{rel}","templated":true}]}}