{"id":6895,"date":"2024-11-06T13:30:58","date_gmt":"2024-11-06T12:30:58","guid":{"rendered":"https:\/\/www.fasty.se\/produkt\/lashing-straps-transport-25-mm\/"},"modified":"2025-09-03T08:32:16","modified_gmt":"2025-09-03T06:32:16","slug":"sangles-transport-25-mm","status":"publish","type":"product","link":"https:\/\/www.fasty.se\/fr\/produit\/sangles-transport-25-mm\/","title":{"rendered":"Sangles Transport 25 mm"},"content":{"rendered":"<p data-start=\"56\" data-end=\"355\">Nos sangles allient harmonieusement facilit\u00e9 d\u2019utilisation et durabilit\u00e9.<br data-start=\"133\" data-end=\"136\" \/>L\u2019ouverture g\u00e9n\u00e9reuse de la boucle permet d\u2019enfiler la sangle sans effort, m\u00eame en portant des gants. La boucle est \u00e0 la fois plus solide et plus l\u00e9g\u00e8re que de nombreuses boucles en zinc coul\u00e9 pr\u00e9sentes sur le march\u00e9.<\/p>\n<p data-start=\"357\" data-end=\"582\">La sangle elle-m\u00eame est r\u00e9sistante aux UV, hautement r\u00e9sistante \u00e0 l\u2019usure et conserve durablement sa couleur. Elle r\u00e9pond \u00e9galement aux normes environnementales et sanitaires strictes conform\u00e9ment \u00e0 Reach, Rohs et Oeko-Tex.<\/p>\n<p data-start=\"584\" data-end=\"672\">Pour contribuer \u00e0 un monde plus durable, nos sangles sont aussi 100 % recyclables.<\/p>\n","protected":false},"excerpt":{"rendered":"<p>Nos sangles allient harmonieusement facilit\u00e9 d\u2019utilisation et durabilit\u00e9.L\u2019ouverture g\u00e9n\u00e9reuse de la boucle permet d\u2019enfiler la sangle sans effort, m\u00eame en portant des gants. La boucle est \u00e0 la fois plus solide et plus l\u00e9g\u00e8re que de nombreuses boucles en zinc coul\u00e9 pr\u00e9sentes sur le march\u00e9. La sangle elle-m\u00eame est r\u00e9sistante aux UV, hautement r\u00e9sistante \u00e0 [&hellip;]<\/p>\n","protected":false},"featured_media":2174,"comment_status":"open","ping_status":"closed","template":"","meta":{"_acf_changed":false},"product_brand":[],"product_cat":[130,126,131],"product_tag":[],"class_list":{"0":"post-6895","1":"product","2":"type-product","3":"status-publish","4":"has-post-thumbnail","6":"product_cat-consommateur","7":"product_cat-industrie","8":"product_cat-professionnels","10":"first","11":"instock","12":"shipping-taxable","13":"product-type-simple"},"acf":[],"yoast_head":"<!-- This site is optimized with the Yoast SEO Premium plugin v27.4 (Yoast SEO v27.4) - https:\/\/yoast.com\/product\/yoast-seo-premium-wordpress\/ -->\n<title>Sangles Transport 25 mm - Fasty<\/title>\n<meta name=\"robots\" content=\"index, follow, max-snippet:-1, max-image-preview:large, max-video-preview:-1\" \/>\n<link rel=\"canonical\" href=\"https:\/\/www.fasty.se\/fr\/produit\/sangles-transport-25-mm\/\" \/>\n<meta property=\"og:locale\" content=\"fr_FR\" \/>\n<meta property=\"og:type\" content=\"article\" \/>\n<meta property=\"og:title\" content=\"Sangles Transport 25 mm\" \/>\n<meta property=\"og:description\" content=\"Nos sangles allient harmonieusement facilit\u00e9 d\u2019utilisation et durabilit\u00e9.L\u2019ouverture g\u00e9n\u00e9reuse de la boucle permet d\u2019enfiler la sangle sans effort, m\u00eame en portant des gants. La boucle est \u00e0 la fois plus solide et plus l\u00e9g\u00e8re que de nombreuses boucles en zinc coul\u00e9 pr\u00e9sentes sur le march\u00e9. La sangle elle-m\u00eame est r\u00e9sistante aux UV, hautement r\u00e9sistante \u00e0 [&hellip;]\" \/>\n<meta property=\"og:url\" content=\"https:\/\/www.fasty.se\/fr\/produit\/sangles-transport-25-mm\/\" \/>\n<meta property=\"og:site_name\" content=\"Fasty\" \/>\n<meta property=\"article:modified_time\" content=\"2025-09-03T06:32:16+00:00\" \/>\n<meta property=\"og:image\" content=\"https:\/\/www.fasty.se\/wp-content\/uploads\/2024\/08\/cat-test.jpg\" \/>\n\t<meta property=\"og:image:width\" content=\"2200\" \/>\n\t<meta property=\"og:image:height\" content=\"2179\" \/>\n\t<meta property=\"og:image:type\" content=\"image\/jpeg\" \/>\n<meta name=\"twitter:card\" content=\"summary_large_image\" \/>\n<meta name=\"twitter:label1\" content=\"Dur\u00e9e de lecture estim\u00e9e\" \/>\n\t<meta name=\"twitter:data1\" content=\"1 minute\" \/>\n<script type=\"application\/ld+json\" class=\"yoast-schema-graph\">{\"@context\":\"https:\\\/\\\/schema.org\",\"@graph\":[{\"@type\":\"WebPage\",\"@id\":\"https:\\\/\\\/www.fasty.se\\\/fr\\\/produit\\\/sangles-transport-25-mm\\\/\",\"url\":\"https:\\\/\\\/www.fasty.se\\\/fr\\\/produit\\\/sangles-transport-25-mm\\\/\",\"name\":\"Sangles Transport 25 mm - Fasty\",\"isPartOf\":{\"@id\":\"https:\\\/\\\/www.fasty.se\\\/fr\\\/#website\"},\"primaryImageOfPage\":{\"@id\":\"https:\\\/\\\/www.fasty.se\\\/fr\\\/produit\\\/sangles-transport-25-mm\\\/#primaryimage\"},\"image\":{\"@id\":\"https:\\\/\\\/www.fasty.se\\\/fr\\\/produit\\\/sangles-transport-25-mm\\\/#primaryimage\"},\"thumbnailUrl\":\"https:\\\/\\\/www.fasty.se\\\/wp-content\\\/uploads\\\/2024\\\/08\\\/cat-test.jpg\",\"datePublished\":\"2024-11-06T12:30:58+00:00\",\"dateModified\":\"2025-09-03T06:32:16+00:00\",\"breadcrumb\":{\"@id\":\"https:\\\/\\\/www.fasty.se\\\/fr\\\/produit\\\/sangles-transport-25-mm\\\/#breadcrumb\"},\"inLanguage\":\"fr-FR\",\"potentialAction\":[{\"@type\":\"ReadAction\",\"target\":[\"https:\\\/\\\/www.fasty.se\\\/fr\\\/produit\\\/sangles-transport-25-mm\\\/\"]}]},{\"@type\":\"ImageObject\",\"inLanguage\":\"fr-FR\",\"@id\":\"https:\\\/\\\/www.fasty.se\\\/fr\\\/produit\\\/sangles-transport-25-mm\\\/#primaryimage\",\"url\":\"https:\\\/\\\/www.fasty.se\\\/wp-content\\\/uploads\\\/2024\\\/08\\\/cat-test.jpg\",\"contentUrl\":\"https:\\\/\\\/www.fasty.se\\\/wp-content\\\/uploads\\\/2024\\\/08\\\/cat-test.jpg\",\"width\":2200,\"height\":2179,\"caption\":\"Fasty sp\u00e4nnremmar\"},{\"@type\":\"BreadcrumbList\",\"@id\":\"https:\\\/\\\/www.fasty.se\\\/fr\\\/produit\\\/sangles-transport-25-mm\\\/#breadcrumb\",\"itemListElement\":[{\"@type\":\"ListItem\",\"position\":1,\"name\":\"Hem\",\"item\":\"https:\\\/\\\/www.fasty.se\\\/fr\\\/\"},{\"@type\":\"ListItem\",\"position\":2,\"name\":\"Tous nos produits\",\"item\":\"https:\\\/\\\/www.fasty.se\\\/fr\\\/produits\\\/\"},{\"@type\":\"ListItem\",\"position\":3,\"name\":\"Sangles Transport 25 mm\"}]},{\"@type\":\"WebSite\",\"@id\":\"https:\\\/\\\/www.fasty.se\\\/fr\\\/#website\",\"url\":\"https:\\\/\\\/www.fasty.se\\\/fr\\\/\",\"name\":\"Fasty\",\"description\":\"\",\"publisher\":{\"@id\":\"https:\\\/\\\/www.fasty.se\\\/fr\\\/#organization\"},\"potentialAction\":[{\"@type\":\"SearchAction\",\"target\":{\"@type\":\"EntryPoint\",\"urlTemplate\":\"https:\\\/\\\/www.fasty.se\\\/fr\\\/?s={search_term_string}\"},\"query-input\":{\"@type\":\"PropertyValueSpecification\",\"valueRequired\":true,\"valueName\":\"search_term_string\"}}],\"inLanguage\":\"fr-FR\"},{\"@type\":\"Organization\",\"@id\":\"https:\\\/\\\/www.fasty.se\\\/fr\\\/#organization\",\"name\":\"Fasty\",\"url\":\"https:\\\/\\\/www.fasty.se\\\/fr\\\/\",\"logo\":{\"@type\":\"ImageObject\",\"inLanguage\":\"fr-FR\",\"@id\":\"https:\\\/\\\/www.fasty.se\\\/fr\\\/#\\\/schema\\\/logo\\\/image\\\/\",\"url\":\"https:\\\/\\\/www.fasty.se\\\/wp-content\\\/uploads\\\/2024\\\/07\\\/Fasty_logotyp.svg\",\"contentUrl\":\"https:\\\/\\\/www.fasty.se\\\/wp-content\\\/uploads\\\/2024\\\/07\\\/Fasty_logotyp.svg\",\"width\":132,\"height\":38,\"caption\":\"Fasty\"},\"image\":{\"@id\":\"https:\\\/\\\/www.fasty.se\\\/fr\\\/#\\\/schema\\\/logo\\\/image\\\/\"}}]}<\/script>\n<!-- \/ Yoast SEO Premium plugin. -->","yoast_head_json":{"title":"Sangles Transport 25 mm - Fasty","robots":{"index":"index","follow":"follow","max-snippet":"max-snippet:-1","max-image-preview":"max-image-preview:large","max-video-preview":"max-video-preview:-1"},"canonical":"https:\/\/www.fasty.se\/fr\/produit\/sangles-transport-25-mm\/","og_locale":"fr_FR","og_type":"article","og_title":"Sangles Transport 25 mm","og_description":"Nos sangles allient harmonieusement facilit\u00e9 d\u2019utilisation et durabilit\u00e9.L\u2019ouverture g\u00e9n\u00e9reuse de la boucle permet d\u2019enfiler la sangle sans effort, m\u00eame en portant des gants. La boucle est \u00e0 la fois plus solide et plus l\u00e9g\u00e8re que de nombreuses boucles en zinc coul\u00e9 pr\u00e9sentes sur le march\u00e9. La sangle elle-m\u00eame est r\u00e9sistante aux UV, hautement r\u00e9sistante \u00e0 [&hellip;]","og_url":"https:\/\/www.fasty.se\/fr\/produit\/sangles-transport-25-mm\/","og_site_name":"Fasty","article_modified_time":"2025-09-03T06:32:16+00:00","og_image":[{"width":2200,"height":2179,"url":"https:\/\/www.fasty.se\/wp-content\/uploads\/2024\/08\/cat-test.jpg","type":"image\/jpeg"}],"twitter_card":"summary_large_image","twitter_misc":{"Dur\u00e9e de lecture estim\u00e9e":"1 minute"},"schema":{"@context":"https:\/\/schema.org","@graph":[{"@type":"WebPage","@id":"https:\/\/www.fasty.se\/fr\/produit\/sangles-transport-25-mm\/","url":"https:\/\/www.fasty.se\/fr\/produit\/sangles-transport-25-mm\/","name":"Sangles Transport 25 mm - Fasty","isPartOf":{"@id":"https:\/\/www.fasty.se\/fr\/#website"},"primaryImageOfPage":{"@id":"https:\/\/www.fasty.se\/fr\/produit\/sangles-transport-25-mm\/#primaryimage"},"image":{"@id":"https:\/\/www.fasty.se\/fr\/produit\/sangles-transport-25-mm\/#primaryimage"},"thumbnailUrl":"https:\/\/www.fasty.se\/wp-content\/uploads\/2024\/08\/cat-test.jpg","datePublished":"2024-11-06T12:30:58+00:00","dateModified":"2025-09-03T06:32:16+00:00","breadcrumb":{"@id":"https:\/\/www.fasty.se\/fr\/produit\/sangles-transport-25-mm\/#breadcrumb"},"inLanguage":"fr-FR","potentialAction":[{"@type":"ReadAction","target":["https:\/\/www.fasty.se\/fr\/produit\/sangles-transport-25-mm\/"]}]},{"@type":"ImageObject","inLanguage":"fr-FR","@id":"https:\/\/www.fasty.se\/fr\/produit\/sangles-transport-25-mm\/#primaryimage","url":"https:\/\/www.fasty.se\/wp-content\/uploads\/2024\/08\/cat-test.jpg","contentUrl":"https:\/\/www.fasty.se\/wp-content\/uploads\/2024\/08\/cat-test.jpg","width":2200,"height":2179,"caption":"Fasty sp\u00e4nnremmar"},{"@type":"BreadcrumbList","@id":"https:\/\/www.fasty.se\/fr\/produit\/sangles-transport-25-mm\/#breadcrumb","itemListElement":[{"@type":"ListItem","position":1,"name":"Hem","item":"https:\/\/www.fasty.se\/fr\/"},{"@type":"ListItem","position":2,"name":"Tous nos produits","item":"https:\/\/www.fasty.se\/fr\/produits\/"},{"@type":"ListItem","position":3,"name":"Sangles Transport 25 mm"}]},{"@type":"WebSite","@id":"https:\/\/www.fasty.se\/fr\/#website","url":"https:\/\/www.fasty.se\/fr\/","name":"Fasty","description":"","publisher":{"@id":"https:\/\/www.fasty.se\/fr\/#organization"},"potentialAction":[{"@type":"SearchAction","target":{"@type":"EntryPoint","urlTemplate":"https:\/\/www.fasty.se\/fr\/?s={search_term_string}"},"query-input":{"@type":"PropertyValueSpecification","valueRequired":true,"valueName":"search_term_string"}}],"inLanguage":"fr-FR"},{"@type":"Organization","@id":"https:\/\/www.fasty.se\/fr\/#organization","name":"Fasty","url":"https:\/\/www.fasty.se\/fr\/","logo":{"@type":"ImageObject","inLanguage":"fr-FR","@id":"https:\/\/www.fasty.se\/fr\/#\/schema\/logo\/image\/","url":"https:\/\/www.fasty.se\/wp-content\/uploads\/2024\/07\/Fasty_logotyp.svg","contentUrl":"https:\/\/www.fasty.se\/wp-content\/uploads\/2024\/07\/Fasty_logotyp.svg","width":132,"height":38,"caption":"Fasty"},"image":{"@id":"https:\/\/www.fasty.se\/fr\/#\/schema\/logo\/image\/"}}]}},"_links":{"self":[{"href":"https:\/\/www.fasty.se\/fr\/wp-json\/wp\/v2\/product\/6895","targetHints":{"allow":["GET"]}}],"collection":[{"href":"https:\/\/www.fasty.se\/fr\/wp-json\/wp\/v2\/product"}],"about":[{"href":"https:\/\/www.fasty.se\/fr\/wp-json\/wp\/v2\/types\/product"}],"replies":[{"embeddable":true,"href":"https:\/\/www.fasty.se\/fr\/wp-json\/wp\/v2\/comments?post=6895"}],"wp:featuredmedia":[{"embeddable":true,"href":"https:\/\/www.fasty.se\/fr\/wp-json\/wp\/v2\/media\/2174"}],"wp:attachment":[{"href":"https:\/\/www.fasty.se\/fr\/wp-json\/wp\/v2\/media?parent=6895"}],"wp:term":[{"taxonomy":"product_brand","embeddable":true,"href":"https:\/\/www.fasty.se\/fr\/wp-json\/wp\/v2\/product_brand?post=6895"},{"taxonomy":"product_cat","embeddable":true,"href":"https:\/\/www.fasty.se\/fr\/wp-json\/wp\/v2\/product_cat?post=6895"},{"taxonomy":"product_tag","embeddable":true,"href":"https:\/\/www.fasty.se\/fr\/wp-json\/wp\/v2\/product_tag?post=6895"}],"curies":[{"name":"wp","href":"https:\/\/api.w.org\/{rel}","templated":true}]}}