{"id":6917,"date":"2024-08-19T14:54:08","date_gmt":"2024-08-19T12:54:08","guid":{"rendered":"https:\/\/www.fasty.se\/produkt\/lashing-straps-with-text-logotype\/"},"modified":"2025-09-03T08:42:04","modified_gmt":"2025-09-03T06:42:04","slug":"sangles-avec-texte-logo","status":"publish","type":"product","link":"https:\/\/www.fasty.se\/fr\/produit\/sangles-avec-texte-logo\/","title":{"rendered":"Sangles avec texte\/logo"},"content":{"rendered":"<p data-start=\"47\" data-end=\"541\">Les sangles d\u2019arrimage et sangles \u00e0 cliquet avec texte de Fasty n\u2019ont pas de limites. Si nous n\u2019avons pas la sangle dont vous avez besoin, nous la fabriquerons sp\u00e9cialement pour vous. Les mat\u00e9riaux que nous utilisons sont le polyester et le polypropyl\u00e8ne. Vous pouvez personnaliser les couleurs, largeurs, longueurs, fixations et perforations selon vos pr\u00e9f\u00e9rences. De plus, nous pouvons fournir des sangles avec texte tiss\u00e9 ou imprim\u00e9 dans les couleurs et avec le logo de votre entreprise.<\/p>\n<p data-start=\"543\" data-end=\"1108\">Les sangles personnalis\u00e9es sont disponibles dans pratiquement toutes les couleurs de base \u2014 n\u2019h\u00e9sitez pas \u00e0 nous contacter pour recevoir un \u00e9chantillon couleur num\u00e9rique avant de prendre votre d\u00e9cision finale. Veuillez noter que les sangles sont un mat\u00e9riau dynamique et que la repr\u00e9sentation des couleurs peut varier l\u00e9g\u00e8rement par rapport au produit r\u00e9el.<br data-start=\"902\" data-end=\"905\" \/>Tous les produits sont g\u00e9n\u00e9ralement livr\u00e9s enroul\u00e9s, et vous pouvez choisir le style d\u2019emballage : sac\/carton d\u2019en-t\u00eate, cylindre de pr\u00e9sentation, bo\u00eete de pr\u00e9sentation, lot de 10 ou emballage en vrac.<\/p>\n<p data-start=\"1110\" data-end=\"1302\">\u00c0 retenir ! Les possibilit\u00e9s sont infinies \u2014 nous sommes ravis de cr\u00e9er des produits personnalis\u00e9s, adapt\u00e9s aux besoins uniques de votre entreprise. Contactez-nous, et nous vous aiderons !<\/p>\n<p>&nbsp;<\/p>\n","protected":false},"excerpt":{"rendered":"<p>Nos sangles de serrage sont tr\u00e8s faciles \u00e0 utiliser et durables.<\/p>\n","protected":false},"featured_media":5059,"comment_status":"open","ping_status":"closed","template":"","meta":{"_acf_changed":false},"product_brand":[],"product_cat":[126,131],"product_tag":[],"class_list":{"0":"post-6917","1":"product","2":"type-product","3":"status-publish","4":"has-post-thumbnail","6":"product_cat-industrie","7":"product_cat-professionnels","9":"first","10":"instock","11":"shipping-taxable","12":"product-type-simple"},"acf":[],"yoast_head":"<!-- This site is optimized with the Yoast SEO Premium plugin v27.4 (Yoast SEO v27.4) - https:\/\/yoast.com\/product\/yoast-seo-premium-wordpress\/ -->\n<title>Sangles avec texte\/logo - Fasty<\/title>\n<meta name=\"robots\" content=\"index, follow, max-snippet:-1, max-image-preview:large, max-video-preview:-1\" \/>\n<link rel=\"canonical\" href=\"https:\/\/www.fasty.se\/fr\/produit\/sangles-avec-texte-logo\/\" \/>\n<meta property=\"og:locale\" content=\"fr_FR\" \/>\n<meta property=\"og:type\" content=\"article\" \/>\n<meta property=\"og:title\" content=\"Sangles avec texte\/logo\" \/>\n<meta property=\"og:description\" content=\"Nos sangles de serrage sont tr\u00e8s faciles \u00e0 utiliser et durables.\" \/>\n<meta property=\"og:url\" content=\"https:\/\/www.fasty.se\/fr\/produit\/sangles-avec-texte-logo\/\" \/>\n<meta property=\"og:site_name\" content=\"Fasty\" \/>\n<meta property=\"article:modified_time\" content=\"2025-09-03T06:42:04+00:00\" \/>\n<meta property=\"og:image\" content=\"https:\/\/www.fasty.se\/wp-content\/uploads\/2024\/08\/maria-med-resvaska.jpg\" \/>\n\t<meta property=\"og:image:width\" content=\"1386\" \/>\n\t<meta property=\"og:image:height\" content=\"1823\" \/>\n\t<meta property=\"og:image:type\" content=\"image\/jpeg\" \/>\n<meta name=\"twitter:card\" content=\"summary_large_image\" \/>\n<meta name=\"twitter:label1\" content=\"Dur\u00e9e de lecture estim\u00e9e\" \/>\n\t<meta name=\"twitter:data1\" content=\"2 minutes\" \/>\n<script type=\"application\/ld+json\" class=\"yoast-schema-graph\">{\"@context\":\"https:\\\/\\\/schema.org\",\"@graph\":[{\"@type\":\"WebPage\",\"@id\":\"https:\\\/\\\/www.fasty.se\\\/fr\\\/produit\\\/sangles-avec-texte-logo\\\/\",\"url\":\"https:\\\/\\\/www.fasty.se\\\/fr\\\/produit\\\/sangles-avec-texte-logo\\\/\",\"name\":\"Sangles avec texte\\\/logo - Fasty\",\"isPartOf\":{\"@id\":\"https:\\\/\\\/www.fasty.se\\\/fr\\\/#website\"},\"primaryImageOfPage\":{\"@id\":\"https:\\\/\\\/www.fasty.se\\\/fr\\\/produit\\\/sangles-avec-texte-logo\\\/#primaryimage\"},\"image\":{\"@id\":\"https:\\\/\\\/www.fasty.se\\\/fr\\\/produit\\\/sangles-avec-texte-logo\\\/#primaryimage\"},\"thumbnailUrl\":\"https:\\\/\\\/www.fasty.se\\\/wp-content\\\/uploads\\\/2024\\\/08\\\/maria-med-resvaska.jpg\",\"datePublished\":\"2024-08-19T12:54:08+00:00\",\"dateModified\":\"2025-09-03T06:42:04+00:00\",\"breadcrumb\":{\"@id\":\"https:\\\/\\\/www.fasty.se\\\/fr\\\/produit\\\/sangles-avec-texte-logo\\\/#breadcrumb\"},\"inLanguage\":\"fr-FR\",\"potentialAction\":[{\"@type\":\"ReadAction\",\"target\":[\"https:\\\/\\\/www.fasty.se\\\/fr\\\/produit\\\/sangles-avec-texte-logo\\\/\"]}]},{\"@type\":\"ImageObject\",\"inLanguage\":\"fr-FR\",\"@id\":\"https:\\\/\\\/www.fasty.se\\\/fr\\\/produit\\\/sangles-avec-texte-logo\\\/#primaryimage\",\"url\":\"https:\\\/\\\/www.fasty.se\\\/wp-content\\\/uploads\\\/2024\\\/08\\\/maria-med-resvaska.jpg\",\"contentUrl\":\"https:\\\/\\\/www.fasty.se\\\/wp-content\\\/uploads\\\/2024\\\/08\\\/maria-med-resvaska.jpg\",\"width\":1386,\"height\":1823,\"caption\":\"Sp\u00e4nnrem med text p\u00e5 resv\u00e4ska\"},{\"@type\":\"BreadcrumbList\",\"@id\":\"https:\\\/\\\/www.fasty.se\\\/fr\\\/produit\\\/sangles-avec-texte-logo\\\/#breadcrumb\",\"itemListElement\":[{\"@type\":\"ListItem\",\"position\":1,\"name\":\"Hem\",\"item\":\"https:\\\/\\\/www.fasty.se\\\/fr\\\/\"},{\"@type\":\"ListItem\",\"position\":2,\"name\":\"Tous nos produits\",\"item\":\"https:\\\/\\\/www.fasty.se\\\/fr\\\/produits\\\/\"},{\"@type\":\"ListItem\",\"position\":3,\"name\":\"Sangles avec texte\\\/logo\"}]},{\"@type\":\"WebSite\",\"@id\":\"https:\\\/\\\/www.fasty.se\\\/fr\\\/#website\",\"url\":\"https:\\\/\\\/www.fasty.se\\\/fr\\\/\",\"name\":\"Fasty\",\"description\":\"\",\"publisher\":{\"@id\":\"https:\\\/\\\/www.fasty.se\\\/fr\\\/#organization\"},\"potentialAction\":[{\"@type\":\"SearchAction\",\"target\":{\"@type\":\"EntryPoint\",\"urlTemplate\":\"https:\\\/\\\/www.fasty.se\\\/fr\\\/?s={search_term_string}\"},\"query-input\":{\"@type\":\"PropertyValueSpecification\",\"valueRequired\":true,\"valueName\":\"search_term_string\"}}],\"inLanguage\":\"fr-FR\"},{\"@type\":\"Organization\",\"@id\":\"https:\\\/\\\/www.fasty.se\\\/fr\\\/#organization\",\"name\":\"Fasty\",\"url\":\"https:\\\/\\\/www.fasty.se\\\/fr\\\/\",\"logo\":{\"@type\":\"ImageObject\",\"inLanguage\":\"fr-FR\",\"@id\":\"https:\\\/\\\/www.fasty.se\\\/fr\\\/#\\\/schema\\\/logo\\\/image\\\/\",\"url\":\"https:\\\/\\\/www.fasty.se\\\/wp-content\\\/uploads\\\/2024\\\/07\\\/Fasty_logotyp.svg\",\"contentUrl\":\"https:\\\/\\\/www.fasty.se\\\/wp-content\\\/uploads\\\/2024\\\/07\\\/Fasty_logotyp.svg\",\"width\":132,\"height\":38,\"caption\":\"Fasty\"},\"image\":{\"@id\":\"https:\\\/\\\/www.fasty.se\\\/fr\\\/#\\\/schema\\\/logo\\\/image\\\/\"}}]}<\/script>\n<!-- \/ Yoast SEO Premium plugin. -->","yoast_head_json":{"title":"Sangles avec texte\/logo - Fasty","robots":{"index":"index","follow":"follow","max-snippet":"max-snippet:-1","max-image-preview":"max-image-preview:large","max-video-preview":"max-video-preview:-1"},"canonical":"https:\/\/www.fasty.se\/fr\/produit\/sangles-avec-texte-logo\/","og_locale":"fr_FR","og_type":"article","og_title":"Sangles avec texte\/logo","og_description":"Nos sangles de serrage sont tr\u00e8s faciles \u00e0 utiliser et durables.","og_url":"https:\/\/www.fasty.se\/fr\/produit\/sangles-avec-texte-logo\/","og_site_name":"Fasty","article_modified_time":"2025-09-03T06:42:04+00:00","og_image":[{"width":1386,"height":1823,"url":"https:\/\/www.fasty.se\/wp-content\/uploads\/2024\/08\/maria-med-resvaska.jpg","type":"image\/jpeg"}],"twitter_card":"summary_large_image","twitter_misc":{"Dur\u00e9e de lecture estim\u00e9e":"2 minutes"},"schema":{"@context":"https:\/\/schema.org","@graph":[{"@type":"WebPage","@id":"https:\/\/www.fasty.se\/fr\/produit\/sangles-avec-texte-logo\/","url":"https:\/\/www.fasty.se\/fr\/produit\/sangles-avec-texte-logo\/","name":"Sangles avec texte\/logo - Fasty","isPartOf":{"@id":"https:\/\/www.fasty.se\/fr\/#website"},"primaryImageOfPage":{"@id":"https:\/\/www.fasty.se\/fr\/produit\/sangles-avec-texte-logo\/#primaryimage"},"image":{"@id":"https:\/\/www.fasty.se\/fr\/produit\/sangles-avec-texte-logo\/#primaryimage"},"thumbnailUrl":"https:\/\/www.fasty.se\/wp-content\/uploads\/2024\/08\/maria-med-resvaska.jpg","datePublished":"2024-08-19T12:54:08+00:00","dateModified":"2025-09-03T06:42:04+00:00","breadcrumb":{"@id":"https:\/\/www.fasty.se\/fr\/produit\/sangles-avec-texte-logo\/#breadcrumb"},"inLanguage":"fr-FR","potentialAction":[{"@type":"ReadAction","target":["https:\/\/www.fasty.se\/fr\/produit\/sangles-avec-texte-logo\/"]}]},{"@type":"ImageObject","inLanguage":"fr-FR","@id":"https:\/\/www.fasty.se\/fr\/produit\/sangles-avec-texte-logo\/#primaryimage","url":"https:\/\/www.fasty.se\/wp-content\/uploads\/2024\/08\/maria-med-resvaska.jpg","contentUrl":"https:\/\/www.fasty.se\/wp-content\/uploads\/2024\/08\/maria-med-resvaska.jpg","width":1386,"height":1823,"caption":"Sp\u00e4nnrem med text p\u00e5 resv\u00e4ska"},{"@type":"BreadcrumbList","@id":"https:\/\/www.fasty.se\/fr\/produit\/sangles-avec-texte-logo\/#breadcrumb","itemListElement":[{"@type":"ListItem","position":1,"name":"Hem","item":"https:\/\/www.fasty.se\/fr\/"},{"@type":"ListItem","position":2,"name":"Tous nos produits","item":"https:\/\/www.fasty.se\/fr\/produits\/"},{"@type":"ListItem","position":3,"name":"Sangles avec texte\/logo"}]},{"@type":"WebSite","@id":"https:\/\/www.fasty.se\/fr\/#website","url":"https:\/\/www.fasty.se\/fr\/","name":"Fasty","description":"","publisher":{"@id":"https:\/\/www.fasty.se\/fr\/#organization"},"potentialAction":[{"@type":"SearchAction","target":{"@type":"EntryPoint","urlTemplate":"https:\/\/www.fasty.se\/fr\/?s={search_term_string}"},"query-input":{"@type":"PropertyValueSpecification","valueRequired":true,"valueName":"search_term_string"}}],"inLanguage":"fr-FR"},{"@type":"Organization","@id":"https:\/\/www.fasty.se\/fr\/#organization","name":"Fasty","url":"https:\/\/www.fasty.se\/fr\/","logo":{"@type":"ImageObject","inLanguage":"fr-FR","@id":"https:\/\/www.fasty.se\/fr\/#\/schema\/logo\/image\/","url":"https:\/\/www.fasty.se\/wp-content\/uploads\/2024\/07\/Fasty_logotyp.svg","contentUrl":"https:\/\/www.fasty.se\/wp-content\/uploads\/2024\/07\/Fasty_logotyp.svg","width":132,"height":38,"caption":"Fasty"},"image":{"@id":"https:\/\/www.fasty.se\/fr\/#\/schema\/logo\/image\/"}}]}},"_links":{"self":[{"href":"https:\/\/www.fasty.se\/fr\/wp-json\/wp\/v2\/product\/6917","targetHints":{"allow":["GET"]}}],"collection":[{"href":"https:\/\/www.fasty.se\/fr\/wp-json\/wp\/v2\/product"}],"about":[{"href":"https:\/\/www.fasty.se\/fr\/wp-json\/wp\/v2\/types\/product"}],"replies":[{"embeddable":true,"href":"https:\/\/www.fasty.se\/fr\/wp-json\/wp\/v2\/comments?post=6917"}],"wp:featuredmedia":[{"embeddable":true,"href":"https:\/\/www.fasty.se\/fr\/wp-json\/wp\/v2\/media\/5059"}],"wp:attachment":[{"href":"https:\/\/www.fasty.se\/fr\/wp-json\/wp\/v2\/media?parent=6917"}],"wp:term":[{"taxonomy":"product_brand","embeddable":true,"href":"https:\/\/www.fasty.se\/fr\/wp-json\/wp\/v2\/product_brand?post=6917"},{"taxonomy":"product_cat","embeddable":true,"href":"https:\/\/www.fasty.se\/fr\/wp-json\/wp\/v2\/product_cat?post=6917"},{"taxonomy":"product_tag","embeddable":true,"href":"https:\/\/www.fasty.se\/fr\/wp-json\/wp\/v2\/product_tag?post=6917"}],"curies":[{"name":"wp","href":"https:\/\/api.w.org\/{rel}","templated":true}]}}